{"id":82638,"date":"2024-07-04T09:36:44","date_gmt":"2024-07-04T09:36:44","guid":{"rendered":"https:\/\/wordpress.zozothemes.com\/finxpert\/faq-copy-2\/"},"modified":"2025-02-26T13:38:42","modified_gmt":"2025-02-26T10:38:42","slug":"personal-data-protection-law-information-text","status":"publish","type":"page","link":"https:\/\/entertechvc.com\/en\/personal-data-protection-law-information-text\/","title":{"rendered":"Personal Data Protection Law Information Text"},"content":{"rendered":"\t\t<div data-elementor-type=\"wp-page\" data-elementor-id=\"82638\" class=\"elementor elementor-82638\">\n\t\t\t\t<div class=\"elementor-element elementor-element-786321d e-flex e-con-boxed e-con e-parent\" data-id=\"786321d\" data-element_type=\"container\" data-e-type=\"container\">\n\t\t\t\t\t<div class=\"e-con-inner\">\n\t\t<div class=\"elementor-element elementor-element-8637c25 e-con-full e-flex e-con e-child\" data-id=\"8637c25\" data-element_type=\"container\" data-e-type=\"container\">\n\t\t\t\t<div class=\"elementor-element elementor-element-2250188 elementor-widget elementor-widget-text-editor\" data-id=\"2250188\" data-element_type=\"widget\" data-e-type=\"widget\" data-widget_type=\"text-editor.default\">\n\t\t\t\t<div class=\"elementor-widget-container\">\n\t\t\t\t\t\t\t\t\t<h2 data-start=\"116\" data-end=\"195\">Clarification Text Regarding the Protection and Processing<\/h2><p data-start=\"197\" data-end=\"482\">As the Data Controller, we place great importance on the protection of your personal data. In accordance with the Personal Data Protection Law No. 6698 (\u201cKVKK\u201d), we present this Clarification Text to explain your rights regarding the processing of your personal data and to inform you.<\/p><h3 data-start=\"484\" data-end=\"515\"><strong data-start=\"484\" data-end=\"515\">Who is the Data Controller?<\/strong><\/h3><p data-start=\"517\" data-end=\"647\">The data controller for the processing of your personal data is Entertech Venture Capital. Our contact details are provided below:<\/p><p data-start=\"649\" data-end=\"802\"><strong data-start=\"649\" data-end=\"660\">Address<\/strong>: \u00dcniversite Mahallesi Sar\u0131g\u00fcl Sokak No:37\/1 \u0130\u00e7 Kap\u0131 No:97 Avc\u0131lar \/ \u0130STANBUL<br data-start=\"737\" data-end=\"740\" \/><strong data-start=\"740\" data-end=\"749\">Phone<\/strong>: +90 212 691 60 01<br data-start=\"768\" data-end=\"771\" \/><strong data-start=\"771\" data-end=\"780\">Email<\/strong>: <a rel=\"noopener\" data-start=\"782\" data-end=\"802\">info@entertechvc.com<\/a><\/p><h3 data-start=\"804\" data-end=\"845\"><strong data-start=\"804\" data-end=\"845\">Purposes for Processing Personal Data<\/strong><\/h3><p data-start=\"847\" data-end=\"910\">Your personal data may be processed for the following purposes:<\/p><ul data-start=\"912\" data-end=\"1239\"><li data-start=\"912\" data-end=\"941\">Managing investor relations<\/li><li data-start=\"942\" data-end=\"976\">Evaluating investor applications<\/li><li data-start=\"977\" data-end=\"1017\">Providing customer service and support<\/li><li data-start=\"1018\" data-end=\"1057\">Communicating necessary notifications<\/li><li data-start=\"1058\" data-end=\"1095\">Managing internal company processes<\/li><li data-start=\"1096\" data-end=\"1126\">Fulfilling legal obligations<\/li><li data-start=\"1127\" data-end=\"1196\">Organizing marketing and advertising activities (with your consent)<\/li><li data-start=\"1197\" data-end=\"1239\">Collecting analysis and statistical data<\/li><\/ul><h4 data-start=\"1241\" data-end=\"1268\"><strong data-start=\"1241\" data-end=\"1268\">Personal Data Processed<\/strong><\/h4><p data-start=\"1270\" data-end=\"1330\">The following personal data may be processed by our company:<\/p><ul data-start=\"1332\" data-end=\"1659\"><li data-start=\"1332\" data-end=\"1401\"><strong data-start=\"1334\" data-end=\"1358\">Identity Information<\/strong>: First name, last name, national ID number<\/li><li data-start=\"1402\" data-end=\"1474\"><strong data-start=\"1404\" data-end=\"1427\">Contact Information<\/strong>: Phone number, email address, physical address<\/li><li data-start=\"1475\" data-end=\"1574\"><strong data-start=\"1477\" data-end=\"1504\">Transaction Information<\/strong>: Transactions you have made, investment applications, payment details<\/li><li data-start=\"1575\" data-end=\"1659\"><strong data-start=\"1577\" data-end=\"1602\">Marketing Information<\/strong>: Your preferences, level of interest in investment areas<\/li><\/ul><h3 data-start=\"1661\" data-end=\"1729\"><strong data-start=\"1661\" data-end=\"1729\">Who Will the Personal Data be Shared With and for What Purposes?<\/strong><\/h3><p data-start=\"1731\" data-end=\"1840\">Your personal data may be shared with third parties in the following cases, in accordance with relevant laws:<\/p><ul data-start=\"1842\" data-end=\"1991\"><li data-start=\"1842\" data-end=\"1901\">Public authorities, within the scope of legal obligations<\/li><li data-start=\"1902\" data-end=\"1953\">Our service providers (e.g., IT, payment systems)<\/li><li data-start=\"1954\" data-end=\"1991\">Our business partners and suppliers<\/li><\/ul><h4 data-start=\"1993\" data-end=\"2032\"><strong data-start=\"1993\" data-end=\"2032\">Methods of Collecting Personal Data<\/strong><\/h4><p data-start=\"2034\" data-end=\"2157\">Your personal data may be collected through automatic means (e.g., via our website, phone applications) and manual methods.<\/p><h4 data-start=\"2159\" data-end=\"2189\"><strong data-start=\"2159\" data-end=\"2189\">Rights of the Data Subject<\/strong><\/h4><p data-start=\"2191\" data-end=\"2285\">In accordance with Article 11 of the KVKK, as the data subject, you have the following rights:<\/p><ul data-start=\"2287\" data-end=\"2702\"><li data-start=\"2287\" data-end=\"2343\">To learn whether your personal data is being processed<\/li><li data-start=\"2344\" data-end=\"2423\">If processed, to know the purposes for which your personal data is being used<\/li><li data-start=\"2424\" data-end=\"2497\">To request correction if your personal data is inaccurate or incomplete<\/li><li data-start=\"2498\" data-end=\"2560\">To request the deletion or destruction of your personal data<\/li><li data-start=\"2561\" data-end=\"2612\">To object to the processing of your personal data<\/li><li data-start=\"2613\" data-end=\"2702\">To request rectification if your personal data is processed incompletely or incorrectly<\/li><\/ul><p data-start=\"2704\" data-end=\"2787\">You can contact us to exercise your rights. Our contact details are provided above.<\/p><h3 data-start=\"2789\" data-end=\"2806\"><strong data-start=\"2789\" data-end=\"2806\">Data Security<\/strong><\/h3><p data-start=\"2808\" data-end=\"2980\">The security of your personal data is of great importance to us. Therefore, we take all necessary technical and administrative measures to ensure the security of your data.<\/p>\t\t\t\t\t\t\t\t<\/div>\n\t\t\t\t<\/div>\n\t\t\t\t<\/div>\n\t\t\t\t\t<\/div>\n\t\t\t\t<\/div>\n\t\t\t\t<\/div>\n\t\t","protected":false},"excerpt":{"rendered":"<p>Clarification Text Regarding the Protection and Processing As the Data Controller, we place great importance on the protection of your personal data. In accordance with the Personal..<\/p>\n","protected":false},"author":1,"featured_media":0,"parent":0,"menu_order":0,"comment_status":"closed","ping_status":"closed","template":"","meta":{"footnotes":""},"class_list":["post-82638","page","type-page","status-publish","hentry"],"_links":{"self":[{"href":"https:\/\/entertechvc.com\/en\/wp-json\/wp\/v2\/pages\/82638","targetHints":{"allow":["GET"]}}],"collection":[{"href":"https:\/\/entertechvc.com\/en\/wp-json\/wp\/v2\/pages"}],"about":[{"href":"https:\/\/entertechvc.com\/en\/wp-json\/wp\/v2\/types\/page"}],"author":[{"embeddable":true,"href":"https:\/\/entertechvc.com\/en\/wp-json\/wp\/v2\/users\/1"}],"replies":[{"embeddable":true,"href":"https:\/\/entertechvc.com\/en\/wp-json\/wp\/v2\/comments?post=82638"}],"version-history":[{"count":14,"href":"https:\/\/entertechvc.com\/en\/wp-json\/wp\/v2\/pages\/82638\/revisions"}],"predecessor-version":[{"id":95555,"href":"https:\/\/entertechvc.com\/en\/wp-json\/wp\/v2\/pages\/82638\/revisions\/95555"}],"wp:attachment":[{"href":"https:\/\/entertechvc.com\/en\/wp-json\/wp\/v2\/media?parent=82638"}],"curies":[{"name":"wp","href":"https:\/\/api.w.org\/{rel}","templated":true}]}}