{"id":82637,"date":"2024-07-04T09:36:44","date_gmt":"2024-07-04T09:36:44","guid":{"rendered":"https:\/\/wordpress.zozothemes.com\/finxpert\/faq-copy\/"},"modified":"2025-02-26T13:27:18","modified_gmt":"2025-02-26T10:27:18","slug":"privacy-policy","status":"publish","type":"page","link":"https:\/\/entertechvc.com\/en\/privacy-policy\/","title":{"rendered":"Privacy Policy"},"content":{"rendered":"\t\t<div data-elementor-type=\"wp-page\" data-elementor-id=\"82637\" class=\"elementor elementor-82637\">\n\t\t\t\t<div class=\"elementor-element elementor-element-a9e5c1f e-flex e-con-boxed e-con e-parent\" data-id=\"a9e5c1f\" data-element_type=\"container\" data-e-type=\"container\" data-settings=\"{&quot;background_background&quot;:&quot;classic&quot;}\">\n\t\t\t\t\t<div class=\"e-con-inner\">\n\t\t<div class=\"elementor-element elementor-element-91aa4b7 e-con-full e-flex e-con e-child\" data-id=\"91aa4b7\" data-element_type=\"container\" data-e-type=\"container\" data-settings=\"{&quot;background_background&quot;:&quot;classic&quot;}\">\n\t\t\t\t<div class=\"elementor-element elementor-element-8305211 elementor-widget elementor-widget-text-editor\" data-id=\"8305211\" data-element_type=\"widget\" data-e-type=\"widget\" data-widget_type=\"text-editor.default\">\n\t\t\t\t<div class=\"elementor-widget-container\">\n\t\t\t\t\t\t\t\t\t<h2 data-start=\"47\" data-end=\"91\"><strong data-start=\"47\" data-end=\"91\">Entertech Venture Capital Privacy Policy<\/strong><\/h2><p data-start=\"93\" data-end=\"340\">Entertech Venture Capital (\u201cOur Company\u201d) values the privacy of our customers, employees, and business partners. This Privacy Policy explains how your personal data is collected, used, and protected when you visit our website and use our services.<\/p><h3><strong data-start=\"345\" data-end=\"363\">Collected Data<\/strong><\/h3><p data-start=\"365\" data-end=\"466\">The following types of personal data may be collected when you visit our website or use our services:<\/p><ul data-start=\"468\" data-end=\"582\"><li data-start=\"468\" data-end=\"491\">First name, last name<\/li><li data-start=\"492\" data-end=\"524\">Email address and phone number<\/li><li data-start=\"525\" data-end=\"561\">IP address and browser information<\/li><li data-start=\"562\" data-end=\"582\">Cookie information<\/li><\/ul><h3><strong data-start=\"587\" data-end=\"611\">Purposes of Data Use<\/strong><\/h3><p data-start=\"613\" data-end=\"671\">The collected data may be used for the following purposes:<\/p><ul data-start=\"673\" data-end=\"851\"><li data-start=\"673\" data-end=\"710\">To provide and improve our services<\/li><li data-start=\"711\" data-end=\"744\">To respond to customer requests<\/li><li data-start=\"745\" data-end=\"779\">To fulfill our legal obligations<\/li><li data-start=\"780\" data-end=\"851\">To conduct marketing and communication activities (with your consent)<\/li><\/ul><h3><strong data-start=\"856\" data-end=\"872\">Data Sharing<\/strong><\/h3><p data-start=\"874\" data-end=\"967\">Your personal data will not be shared with third parties, except in the following situations:<\/p><ul data-start=\"969\" data-end=\"1143\"><li data-start=\"969\" data-end=\"988\">Legal obligations<\/li><li data-start=\"989\" data-end=\"1053\">Requests from authorized public institutions and organizations<\/li><li data-start=\"1054\" data-end=\"1143\">Transfer to business partners or technology providers for the provision of our services<\/li><\/ul><h3><strong data-start=\"1148\" data-end=\"1167\">Data Protection<\/strong><\/h3><p data-start=\"1169\" data-end=\"1387\">We take current technical and administrative measures to ensure the confidentiality and security of your personal data. In the event of a data breach, the affected individuals and relevant authorities will be notified.<\/p><h3><strong data-start=\"1392\" data-end=\"1407\">Your Rights<\/strong><\/h3><p data-start=\"1409\" data-end=\"1534\">Under the Turkish Personal Data Protection Law No. 6698 (\u201cKVKK\u201d), you have the following rights regarding your personal data:<\/p><ul data-start=\"1536\" data-end=\"1746\"><li data-start=\"1536\" data-end=\"1584\">Learn about the processing status of your data<\/li><li data-start=\"1585\" data-end=\"1614\">Request access to your data<\/li><li data-start=\"1615\" data-end=\"1676\">Request correction, deletion, or anonymization of your data<\/li><li data-start=\"1677\" data-end=\"1746\">Request compensation for damages in the case of unlawful processing<\/li><\/ul><p data-start=\"1748\" data-end=\"1829\">To exercise these rights, you can contact us using the following contact details:<\/p><h4 data-start=\"1831\" data-end=\"1855\"><strong data-start=\"1831\" data-end=\"1855\">Contact Information<\/strong><\/h4><p data-start=\"1857\" data-end=\"2028\" data-is-last-node=\"\" data-is-only-node=\"\">Entertech Venture Capital<br data-start=\"1882\" data-end=\"1885\" \/>Address: \u00dcniversite Mahallesi Sar\u0131g\u00fcl Sokak No:37\/1, \u0130\u00e7 Kap\u0131 No:97, Avc\u0131lar \/ ISTANBUL<br data-start=\"1971\" data-end=\"1974\" \/>Phone: +90 212 691 60 01<br data-start=\"1998\" data-end=\"2001\" \/>Email: <a rel=\"noopener\" data-start=\"2008\" data-end=\"2028\" data-is-last-node=\"\">info@entertechvc.com<\/a><\/p>\t\t\t\t\t\t\t\t<\/div>\n\t\t\t\t<\/div>\n\t\t\t\t<\/div>\n\t\t\t\t\t<\/div>\n\t\t\t\t<\/div>\n\t\t\t\t<\/div>\n\t\t","protected":false},"excerpt":{"rendered":"<p>Entertech Venture Capital Privacy Policy Entertech Venture Capital (\u201cOur Company\u201d) values the privacy of our customers, employees, and business partners. This Privacy Policy explains how your personal..<\/p>\n","protected":false},"author":1,"featured_media":0,"parent":0,"menu_order":0,"comment_status":"closed","ping_status":"closed","template":"","meta":{"footnotes":""},"class_list":["post-82637","page","type-page","status-publish","hentry"],"_links":{"self":[{"href":"https:\/\/entertechvc.com\/en\/wp-json\/wp\/v2\/pages\/82637","targetHints":{"allow":["GET"]}}],"collection":[{"href":"https:\/\/entertechvc.com\/en\/wp-json\/wp\/v2\/pages"}],"about":[{"href":"https:\/\/entertechvc.com\/en\/wp-json\/wp\/v2\/types\/page"}],"author":[{"embeddable":true,"href":"https:\/\/entertechvc.com\/en\/wp-json\/wp\/v2\/users\/1"}],"replies":[{"embeddable":true,"href":"https:\/\/entertechvc.com\/en\/wp-json\/wp\/v2\/comments?post=82637"}],"version-history":[{"count":22,"href":"https:\/\/entertechvc.com\/en\/wp-json\/wp\/v2\/pages\/82637\/revisions"}],"predecessor-version":[{"id":95545,"href":"https:\/\/entertechvc.com\/en\/wp-json\/wp\/v2\/pages\/82637\/revisions\/95545"}],"wp:attachment":[{"href":"https:\/\/entertechvc.com\/en\/wp-json\/wp\/v2\/media?parent=82637"}],"curies":[{"name":"wp","href":"https:\/\/api.w.org\/{rel}","templated":true}]}}