{"id":82621,"date":"2024-07-04T09:33:43","date_gmt":"2024-07-04T09:33:43","guid":{"rendered":"https:\/\/wordpress.zozothemes.com\/finxpert\/our-services-copy-2\/"},"modified":"2025-03-02T15:43:11","modified_gmt":"2025-03-02T12:43:11","slug":"contact-us","status":"publish","type":"page","link":"https:\/\/entertechvc.com\/en\/contact-us\/","title":{"rendered":"Contact Us"},"content":{"rendered":"\t\t<div data-elementor-type=\"wp-page\" data-elementor-id=\"82621\" class=\"elementor elementor-82621\">\n\t\t\t\t<div class=\"elementor-element elementor-element-59d164cb e-flex e-con-boxed e-con e-parent\" data-id=\"59d164cb\" data-element_type=\"container\" data-e-type=\"container\">\n\t\t\t\t\t<div class=\"e-con-inner\">\n\t\t<div class=\"elementor-element elementor-element-76e91716 e-con-full e-flex e-con e-child\" data-id=\"76e91716\" data-element_type=\"container\" data-e-type=\"container\">\n\t\t<div class=\"elementor-element elementor-element-1a825531 e-con-full cus-hover-eft e-flex e-con e-child\" data-id=\"1a825531\" data-element_type=\"container\" data-e-type=\"container\" data-settings=\"{&quot;background_background&quot;:&quot;classic&quot;}\">\n\t\t\t\t<div class=\"elementor-element elementor-element-762f85f9 cea-view-default elementor-widget elementor-widget-ceafeaturebox\" data-id=\"762f85f9\" data-element_type=\"widget\" data-e-type=\"widget\" data-widget_type=\"ceafeaturebox.default\">\n\t\t\t\t<div class=\"elementor-widget-container feature-box-wrapper feature-box-default\">\n\t\t\t<div class=\"feature-box-inner\"><div class=\"fbox-number\">01<\/div><figure class=\"cea-feature-box-img\"><img decoding=\"async\" width=\"64\" height=\"64\" src=\"https:\/\/entertechvc.com\/en\/wp-content\/uploads\/2025\/01\/adres.svg\" class=\"attachment-full size-full\" alt=\"Find our location for expert investment consultancy support.\" \/><\/figure><h3 class=\"feature-box-title\">Address<\/h3><div class=\"fbox-content\"><a href=\"https:\/\/maps.app.goo.gl\/MftUNGVLJvNbpqeJ8\" target=\"_blank\" rel=\"noopener\">\u00dcniversite Mah. Sar\u0131g\u00fcl Sok. <br> No: 37\/1, \u0130\u00e7 Kap\u0131 No: 97 <br> Avc\u0131lar, \u0130stanbul<\/a><\/div><\/div>\t\t<\/div>\n\t\t\t\t<\/div>\n\t\t\t\t<\/div>\n\t\t<div class=\"elementor-element elementor-element-734aaf94 e-con-full cus-hover-eft e-flex e-con e-child\" data-id=\"734aaf94\" data-element_type=\"container\" data-e-type=\"container\" data-settings=\"{&quot;background_background&quot;:&quot;classic&quot;}\">\n\t\t\t\t<div class=\"elementor-element elementor-element-7b1105ec cea-view-default elementor-widget elementor-widget-ceafeaturebox\" data-id=\"7b1105ec\" data-element_type=\"widget\" data-e-type=\"widget\" data-widget_type=\"ceafeaturebox.default\">\n\t\t\t\t<div class=\"elementor-widget-container feature-box-wrapper feature-box-default\">\n\t\t\t<div class=\"feature-box-inner\"><div class=\"fbox-number\">02<\/div><figure class=\"cea-feature-box-img\"><img decoding=\"async\" width=\"64\" height=\"64\" src=\"https:\/\/entertechvc.com\/en\/wp-content\/uploads\/2025\/01\/telefon.svg\" class=\"attachment-full size-full\" alt=\"Reach out for professional technology consultancy services.\" \/><\/figure><h3 class=\"feature-box-title\">Phone<\/h3><div class=\"fbox-content\"><a href=\"tel:+902126916001\">+90 (212) 691 60 01<\/a><br><br><br><\/div><\/div>\t\t<\/div>\n\t\t\t\t<\/div>\n\t\t\t\t<\/div>\n\t\t<div class=\"elementor-element elementor-element-64fb0ccf e-con-full cus-hover-eft e-flex e-con e-child\" data-id=\"64fb0ccf\" data-element_type=\"container\" data-e-type=\"container\" data-settings=\"{&quot;background_background&quot;:&quot;classic&quot;}\">\n\t\t\t\t<div class=\"elementor-element elementor-element-6972837 cea-view-default elementor-widget elementor-widget-ceafeaturebox\" data-id=\"6972837\" data-element_type=\"widget\" data-e-type=\"widget\" data-widget_type=\"ceafeaturebox.default\">\n\t\t\t\t<div class=\"elementor-widget-container feature-box-wrapper feature-box-default\">\n\t\t\t<div class=\"feature-box-inner\"><div class=\"fbox-number\">03<\/div><figure class=\"cea-feature-box-img\"><img decoding=\"async\" width=\"64\" height=\"64\" src=\"https:\/\/entertechvc.com\/en\/wp-content\/uploads\/2025\/01\/email.svg\" class=\"attachment-full size-full\" alt=\"Contact us via email to learn about investment opportunities.\" \/><\/figure><h3 class=\"feature-box-title\">E-mail<\/h3><div class=\"fbox-content\"><a href=\"mailto:info@entertechvc.com\">info@entertechvc.com<\/a><br><br><br><\/div><\/div>\t\t<\/div>\n\t\t\t\t<\/div>\n\t\t\t\t<\/div>\n\t\t\t\t<\/div>\n\t\t\t\t\t<\/div>\n\t\t\t\t<\/div>\n\t\t<div class=\"elementor-element elementor-element-1ba2ef58 e-flex e-con-boxed e-con e-parent\" data-id=\"1ba2ef58\" data-element_type=\"container\" data-e-type=\"container\">\n\t\t\t\t\t<div class=\"e-con-inner\">\n\t\t<div class=\"elementor-element elementor-element-5317f304 e-flex e-con-boxed e-con e-child\" data-id=\"5317f304\" data-element_type=\"container\" data-e-type=\"container\" data-settings=\"{&quot;background_background&quot;:&quot;classic&quot;}\">\n\t\t\t\t\t<div class=\"e-con-inner\">\n\t\t<div class=\"elementor-element elementor-element-13463a2c e-con-full e-flex e-con e-child\" data-id=\"13463a2c\" data-element_type=\"container\" data-e-type=\"container\" data-settings=\"{&quot;background_background&quot;:&quot;classic&quot;}\">\n\t\t\t\t<div class=\"elementor-element elementor-element-1bb01192 cea-tablet-align-center elementor-widget elementor-widget-ceasectiontitle\" data-id=\"1bb01192\" data-element_type=\"widget\" data-e-type=\"widget\" data-widget_type=\"ceasectiontitle.default\">\n\t\t\t\t<div class=\"elementor-widget-container\">\n\t\t\t\t\t<div class=\"section-title-wrapper\"><div class=\"title-wrap\"><h3 class=\"section-title\">Send Us a Message<\/h3><\/div><!-- .title-wrap --><div class=\"section-description\"><\/div><!-- .section-description --><\/div><!-- .section-title-wrapper -->\t\t\t\t<\/div>\n\t\t\t\t<\/div>\n\t\t\t\t<div class=\"elementor-element elementor-element-41a60ad2 elementor-widget elementor-widget-contactform\" data-id=\"41a60ad2\" data-element_type=\"widget\" data-e-type=\"widget\" data-widget_type=\"contactform.default\">\n\t\t\t\t<div class=\"elementor-widget-container\">\n\t\t\t\t\t<div class=\"contact-form-wrapper cf-style-classic\"><div class=\"contact-form\">\n<div class=\"wpcf7 no-js\" id=\"wpcf7-f17016-o1\" lang=\"en-US\" dir=\"ltr\" data-wpcf7-id=\"17016\">\n<div class=\"screen-reader-response\"><p role=\"status\" aria-live=\"polite\" aria-atomic=\"true\"><\/p> <ul><\/ul><\/div>\n<form action=\"\/en\/wp-json\/wp\/v2\/pages\/82621#wpcf7-f17016-o1\" method=\"post\" class=\"wpcf7-form init\" aria-label=\"Contact form\" novalidate=\"novalidate\" data-status=\"init\">\n<fieldset class=\"hidden-fields-container\"><input type=\"hidden\" name=\"_wpcf7\" value=\"17016\" \/><input type=\"hidden\" name=\"_wpcf7_version\" value=\"6.1.5\" \/><input type=\"hidden\" name=\"_wpcf7_locale\" value=\"en_US\" \/><input type=\"hidden\" name=\"_wpcf7_unit_tag\" value=\"wpcf7-f17016-o1\" \/><input type=\"hidden\" name=\"_wpcf7_container_post\" value=\"0\" \/><input type=\"hidden\" name=\"_wpcf7_posted_data_hash\" value=\"\" \/><input type=\"hidden\" name=\"_wpcf7_recaptcha_response\" value=\"\" \/>\n<\/fieldset>\n<style>\n \/* Contact Form 7 Input and Textarea Font Size *\/\n .wpcf7 input[type=\"text\"],\n .wpcf7 input[type=\"email\"],\n .wpcf7 input[type=\"tel\"],\n .wpcf7 input[type=\"number\"],\n .wpcf7 textarea {\n font-size: 14px; \/* Decrease font size *\/\n padding: 10px; \/* Add padding for better aesthetics *\/\n width: 100%;\n max-width: 100%;\n box-sizing: border-box; \/* Prevents overflow *\/\n }\n\n \/* Contact Form 7 Placeholder Font Size *\/\n .wpcf7 input::placeholder,\n .wpcf7 textarea::placeholder {\n font-size: 14px; \/* Decrease placeholder font size *\/\n color: #6c757d; \/* Lighter color tone *\/\n }\n<\/style>\n<div class=\"row\">\n\t<div class=\"col-md-6\">\n\t\t<p><span class=\"wpcf7-form-control-wrap\" data-name=\"your-name\"><input size=\"40\" maxlength=\"400\" class=\"wpcf7-form-control wpcf7-text wpcf7-validates-as-required\" aria-required=\"true\" aria-invalid=\"false\" placeholder=\"Your Name *\" value=\"\" type=\"text\" name=\"your-name\" \/><\/span>\n\t\t<\/p>\n\t<\/div>\n\t<div class=\"col-md-6\">\n\t\t<p><span class=\"wpcf7-form-control-wrap\" data-name=\"tel-977\"><input size=\"40\" maxlength=\"400\" class=\"wpcf7-form-control wpcf7-tel wpcf7-validates-as-required wpcf7-text wpcf7-validates-as-tel\" aria-required=\"true\" aria-invalid=\"false\" placeholder=\"Phone *\" value=\"\" type=\"tel\" name=\"tel-977\" \/><\/span>\n\t\t<\/p>\n\t<\/div>\n\t<div class=\"col-md-6\">\n\t\t<p><span class=\"wpcf7-form-control-wrap\" data-name=\"your-email\"><input size=\"40\" maxlength=\"400\" class=\"wpcf7-form-control wpcf7-email wpcf7-validates-as-required wpcf7-text wpcf7-validates-as-email\" aria-required=\"true\" aria-invalid=\"false\" placeholder=\"Email *\" value=\"\" type=\"email\" name=\"your-email\" \/><\/span>\n\t\t<\/p>\n\t<\/div>\n\t<div class=\"col-md-6\">\n\t\t<p><span class=\"wpcf7-form-control-wrap\" data-name=\"your-subject\"><input size=\"40\" maxlength=\"400\" class=\"wpcf7-form-control wpcf7-text wpcf7-validates-as-required\" aria-required=\"true\" aria-invalid=\"false\" placeholder=\"Subject *\" value=\"\" type=\"text\" name=\"your-subject\" \/><\/span>\n\t\t<\/p>\n\t<\/div>\n\t<div class=\"col-md-12\">\n\t\t<p><span class=\"wpcf7-form-control-wrap\" data-name=\"your-message\"><textarea cols=\"40\" rows=\"10\" maxlength=\"2000\" class=\"wpcf7-form-control wpcf7-textarea wpcf7-validates-as-required\" aria-required=\"true\" aria-invalid=\"false\" placeholder=\"Your Message *\" name=\"your-message\"><\/textarea><\/span>\n\t\t<\/p>\n\t<\/div>\n\t<div class=\"col-md-12\">\n\t\t<p><input class=\"wpcf7-form-control wpcf7-submit has-spinner\" type=\"submit\" value=\"Send Message\" \/>\n\t\t<\/p>\n\t<\/div>\n<\/div><div class=\"wpcf7-response-output\" aria-hidden=\"true\"><\/div>\n<\/form>\n<\/div>\n<\/div><!-- .contact-form --><\/div><!-- .contact-form-wrapper -->\t\t\t\t<\/div>\n\t\t\t\t<\/div>\n\t\t\t\t<\/div>\n\t\t<div class=\"elementor-element elementor-element-710d828d e-flex e-con-boxed e-con e-child\" data-id=\"710d828d\" data-element_type=\"container\" data-e-type=\"container\">\n\t\t\t\t\t<div class=\"e-con-inner\">\n\t\t<div class=\"elementor-element elementor-element-69bb496c e-con-full e-flex e-con e-child\" data-id=\"69bb496c\" data-element_type=\"container\" data-e-type=\"container\">\n\t\t<div class=\"elementor-element elementor-element-682c8c95 e-con-full e-flex e-con e-child\" data-id=\"682c8c95\" data-element_type=\"container\" data-e-type=\"container\">\n\t\t\t\t<div class=\"elementor-element elementor-element-114f795f elementor-widget elementor-widget-google_maps\" data-id=\"114f795f\" data-element_type=\"widget\" data-e-type=\"widget\" data-widget_type=\"google_maps.default\">\n\t\t\t\t<div class=\"elementor-widget-container\">\n\t\t\t\t\t\t\t<div class=\"elementor-custom-embed\">\n\t\t\t<iframe loading=\"lazy\"\n\t\t\t\t\tsrc=\"https:\/\/maps.google.com\/maps?q=%C4%B0stanbul%20Teknokent&#038;t=m&#038;z=15&#038;output=embed&#038;iwloc=near\"\n\t\t\t\t\ttitle=\"\u0130stanbul Teknokent\"\n\t\t\t\t\taria-label=\"\u0130stanbul Teknokent\"\n\t\t\t><\/iframe>\n\t\t<\/div>\n\t\t\t\t\t\t<\/div>\n\t\t\t\t<\/div>\n\t\t\t\t<\/div>\n\t\t\t\t<\/div>\n\t\t\t\t\t<\/div>\n\t\t\t\t<\/div>\n\t\t\t\t\t<\/div>\n\t\t\t\t<\/div>\n\t\t\t\t\t<\/div>\n\t\t\t\t<\/div>\n\t\t\t\t<\/div>\n\t\t","protected":false},"excerpt":{"rendered":"<p>01 Address \u00dcniversite Mah. Sar\u0131g\u00fcl Sok. No: 37\/1, \u0130\u00e7 Kap\u0131 No: 97 Avc\u0131lar, \u0130stanbul 02 Phone +90 (212) 691 60 01 03 E-mail info@entertechvc.com Send Us a..<\/p>\n","protected":false},"author":1,"featured_media":0,"parent":0,"menu_order":0,"comment_status":"closed","ping_status":"closed","template":"","meta":{"footnotes":""},"class_list":["post-82621","page","type-page","status-publish","hentry"],"_links":{"self":[{"href":"https:\/\/entertechvc.com\/en\/wp-json\/wp\/v2\/pages\/82621","targetHints":{"allow":["GET"]}}],"collection":[{"href":"https:\/\/entertechvc.com\/en\/wp-json\/wp\/v2\/pages"}],"about":[{"href":"https:\/\/entertechvc.com\/en\/wp-json\/wp\/v2\/types\/page"}],"author":[{"embeddable":true,"href":"https:\/\/entertechvc.com\/en\/wp-json\/wp\/v2\/users\/1"}],"replies":[{"embeddable":true,"href":"https:\/\/entertechvc.com\/en\/wp-json\/wp\/v2\/comments?post=82621"}],"version-history":[{"count":75,"href":"https:\/\/entertechvc.com\/en\/wp-json\/wp\/v2\/pages\/82621\/revisions"}],"predecessor-version":[{"id":95717,"href":"https:\/\/entertechvc.com\/en\/wp-json\/wp\/v2\/pages\/82621\/revisions\/95717"}],"wp:attachment":[{"href":"https:\/\/entertechvc.com\/en\/wp-json\/wp\/v2\/media?parent=82621"}],"curies":[{"name":"wp","href":"https:\/\/api.w.org\/{rel}","templated":true}]}}